{"id":129,"date":"2019-08-26T19:58:50","date_gmt":"2019-08-26T19:58:50","guid":{"rendered":"http:\/\/www.mercalaboral.com.mx\/site\/?page_id=129"},"modified":"2021-03-01T21:12:09","modified_gmt":"2021-03-01T21:12:09","slug":"acerca-de","status":"publish","type":"page","link":"http:\/\/www.mercalaboral.com.mx\/site\/acerca-de\/","title":{"rendered":"Acerca de"},"content":{"rendered":"\t\t<div data-elementor-type=\"post\" data-elementor-id=\"129\" class=\"elementor elementor-129\" data-elementor-settings=\"[]\">\n\t\t\t<div class=\"elementor-inner\">\n\t\t\t\t<div class=\"elementor-section-wrap\">\n\t\t\t\t\t\t\t<section class=\"elementor-element elementor-element-39d7a5e elementor-section-height-min-height elementor-section-boxed elementor-section-height-default elementor-section-items-middle elementor-section elementor-top-section\" data-id=\"39d7a5e\" data-element_type=\"section\" data-settings=\"{&quot;background_background&quot;:&quot;classic&quot;,&quot;shape_divider_bottom&quot;:&quot;waves&quot;}\">\n\t\t\t\t\t<div class=\"elementor-shape elementor-shape-bottom\" data-negative=\"false\">\n\t\t\t<svg xmlns=\"http:\/\/www.w3.org\/2000\/svg\" viewBox=\"0 0 1000 100\" preserveAspectRatio=\"none\">\n\t<path class=\"elementor-shape-fill\" d=\"M421.9,6.5c22.6-2.5,51.5,0.4,75.5,5.3c23.6,4.9,70.9,23.5,100.5,35.7c75.8,32.2,133.7,44.5,192.6,49.7\n\tc23.6,2.1,48.7,3.5,103.4-2.5c54.7-6,106.2-25.6,106.2-25.6V0H0v30.3c0,0,72,32.6,158.4,30.5c39.2-0.7,92.8-6.7,134-22.4\n\tc21.2-8.1,52.2-18.2,79.7-24.2C399.3,7.9,411.6,7.5,421.9,6.5z\"\/>\n<\/svg>\t\t<\/div>\n\t\t\t\t\t<div class=\"elementor-container elementor-column-gap-default\">\n\t\t\t\t<div class=\"elementor-row\">\n\t\t\t\t<div class=\"elementor-element elementor-element-aaf886f elementor-column elementor-col-100 elementor-top-column\" data-id=\"aaf886f\" data-element_type=\"column\">\n\t\t\t<div class=\"elementor-column-wrap  elementor-element-populated\">\n\t\t\t\t\t<div class=\"elementor-widget-wrap\">\n\t\t\t\t<div class=\"elementor-element elementor-element-e14a625 elementor-align-left elementor-mobile-align-center elementor-invisible elementor-widget elementor-widget-button\" data-id=\"e14a625\" data-element_type=\"widget\" data-settings=\"{&quot;_animation&quot;:&quot;zoomIn&quot;}\" data-widget_type=\"button.default\">\n\t\t\t\t<div class=\"elementor-widget-container\">\n\t\t\t\t\t<div class=\"elementor-button-wrapper\">\n\t\t\t<a href=\"https:\/\/www.mercalaboral.com.mx\/site\/\" class=\"elementor-button-link elementor-button elementor-size-xs\" role=\"button\">\n\t\t\t\t\t\t<span class=\"elementor-button-content-wrapper\">\n\t\t\t\t\t\t<span class=\"elementor-button-icon elementor-align-icon-left\">\n\t\t\t\t<i aria-hidden=\"true\" class=\"fas fa-arrow-circle-left\"><\/i>\t\t\t<\/span>\n\t\t\t\t\t\t<span class=\"elementor-button-text\">Regresar a inicio<\/span>\n\t\t<\/span>\n\t\t\t\t\t<\/a>\n\t\t<\/div>\n\t\t\t\t<\/div>\n\t\t\t\t<\/div>\n\t\t\t\t<div class=\"elementor-element elementor-element-7bb69d6 elementor-invisible elementor-widget elementor-widget-image\" data-id=\"7bb69d6\" data-element_type=\"widget\" data-settings=\"{&quot;_animation&quot;:&quot;fadeInUp&quot;}\" data-widget_type=\"image.default\">\n\t\t\t\t<div class=\"elementor-widget-container\">\n\t\t\t\t\t<div class=\"elementor-image\">\n\t\t\t\t\t\t\t\t\t\t<img width=\"640\" height=\"277\" src=\"http:\/\/www.mercalaboral.com.mx\/site\/wp-content\/uploads\/2019\/08\/title-acerca-1024x443.png\" class=\"attachment-large size-large\" alt=\"\" loading=\"lazy\" srcset=\"http:\/\/www.mercalaboral.com.mx\/site\/wp-content\/uploads\/2019\/08\/title-acerca-1024x443.png 1024w, http:\/\/www.mercalaboral.com.mx\/site\/wp-content\/uploads\/2019\/08\/title-acerca-300x130.png 300w, http:\/\/www.mercalaboral.com.mx\/site\/wp-content\/uploads\/2019\/08\/title-acerca-768x332.png 768w, http:\/\/www.mercalaboral.com.mx\/site\/wp-content\/uploads\/2019\/08\/title-acerca.png 1080w\" sizes=\"(max-width: 34.9rem) calc(100vw - 2rem), (max-width: 53rem) calc(8 * (100vw \/ 12)), (min-width: 53rem) calc(6 * (100vw \/ 12)), 100vw\" \/>\t\t\t\t\t\t\t\t\t\t\t<\/div>\n\t\t\t\t<\/div>\n\t\t\t\t<\/div>\n\t\t\t\t\t\t<\/div>\n\t\t\t<\/div>\n\t\t<\/div>\n\t\t\t\t\t\t<\/div>\n\t\t\t<\/div>\n\t\t<\/section>\n\t\t\t\t<section class=\"elementor-element elementor-element-4d804f4 elementor-section-boxed elementor-section-height-default elementor-section-height-default elementor-section elementor-top-section\" data-id=\"4d804f4\" data-element_type=\"section\">\n\t\t\t\t\t\t<div class=\"elementor-container elementor-column-gap-default\">\n\t\t\t\t<div class=\"elementor-row\">\n\t\t\t\t<div class=\"elementor-element elementor-element-d9b3dde elementor-column elementor-col-100 elementor-top-column\" data-id=\"d9b3dde\" data-element_type=\"column\">\n\t\t\t<div class=\"elementor-column-wrap  elementor-element-populated\">\n\t\t\t\t\t<div class=\"elementor-widget-wrap\">\n\t\t\t\t<div class=\"elementor-element elementor-element-0a88f93 elementor-widget elementor-widget-text-editor\" data-id=\"0a88f93\" data-element_type=\"widget\" data-widget_type=\"text-editor.default\">\n\t\t\t\t<div class=\"elementor-widget-container\">\n\t\t\t\t\t<div class=\"elementor-text-editor elementor-clearfix\"><p>Nuestra empresa surge de la necesidad de brindar a la industria de manufactura, herramientas espec\u00edficas que le permitan hacer frente a las nuevas condiciones laborales de atracci\u00f3n, competitividad y retenci\u00f3n de su personal.<\/p><p>En esta \u00e9poca de diversidad generacional y la constante b\u00fasqueda del bienestar individual y de grupo, apoyamos a las Organizaciones a encontrar las causas que obstaculizan la <em><strong>lealtad<\/strong><\/em> y el <em><strong>compromiso<\/strong><\/em> de sus colaboradores.<\/p><\/div>\n\t\t\t\t<\/div>\n\t\t\t\t<\/div>\n\t\t\t\t<div class=\"elementor-element elementor-element-7c3dbc9 elementor-widget elementor-widget-text-editor\" data-id=\"7c3dbc9\" data-element_type=\"widget\" data-widget_type=\"text-editor.default\">\n\t\t\t\t<div class=\"elementor-widget-container\">\n\t\t\t\t\t<div class=\"elementor-text-editor elementor-clearfix\"><p><em><strong>\u00abA menudo las personas est\u00e1n trabajando duro en la cosa equivocada. Trabajar en la raz\u00f3n correcta probablemente es m\u00e1s importante que trabajar duro.\u00bb <\/strong><\/em><\/p><p style=\"text-align: right;\">Caterina Fake<\/p><\/div>\n\t\t\t\t<\/div>\n\t\t\t\t<\/div>\n\t\t\t\t<div class=\"elementor-element elementor-element-00cd6ba elementor-widget elementor-widget-text-editor\" data-id=\"00cd6ba\" data-element_type=\"widget\" data-widget_type=\"text-editor.default\">\n\t\t\t\t<div class=\"elementor-widget-container\">\n\t\t\t\t\t<div class=\"elementor-text-editor elementor-clearfix\"><p><b>\u00bfC\u00f3mo lo <\/b><b>logramos?<\/b><\/p><\/div>\n\t\t\t\t<\/div>\n\t\t\t\t<\/div>\n\t\t\t\t<div class=\"elementor-element elementor-element-d99362e elementor-widget elementor-widget-text-editor\" data-id=\"d99362e\" data-element_type=\"widget\" data-widget_type=\"text-editor.default\">\n\t\t\t\t<div class=\"elementor-widget-container\">\n\t\t\t\t\t<div class=\"elementor-text-editor elementor-clearfix\"><p><strong><em>Mercadotecnia Laboral<\/em><\/strong> analiza al <strong>entorno<\/strong>, a las <strong>organizaciones<\/strong> y a las <strong>personas<\/strong>, para llevarlas a una convivencia que les genere <strong>experiencias positivas<\/strong> y mutuo desarrollo.<\/p><p>Todo esto a trav\u00e9s de diversos servicios que ponemos a su disposici\u00f3n, tales como investigaciones a fondo del entorno laboral hasta diferentes programas que le ayuden a su empresa a la correcta toma de decisiones y a contribuir a mejorar el ambiente empresarial.<\/p><\/div>\n\t\t\t\t<\/div>\n\t\t\t\t<\/div>\n\t\t\t\t<section class=\"elementor-element elementor-element-2f83421 elementor-section-boxed elementor-section-height-default elementor-section-height-default elementor-section elementor-inner-section\" data-id=\"2f83421\" data-element_type=\"section\">\n\t\t\t\t\t\t<div class=\"elementor-container elementor-column-gap-default\">\n\t\t\t\t<div class=\"elementor-row\">\n\t\t\t\t<div class=\"elementor-element elementor-element-1b2fc32 elementor-column elementor-col-50 elementor-inner-column\" data-id=\"1b2fc32\" data-element_type=\"column\">\n\t\t\t<div class=\"elementor-column-wrap  elementor-element-populated\">\n\t\t\t\t\t<div class=\"elementor-widget-wrap\">\n\t\t\t\t<div class=\"elementor-element elementor-element-03341f1 elementor-widget elementor-widget-text-editor\" data-id=\"03341f1\" data-element_type=\"widget\" data-widget_type=\"text-editor.default\">\n\t\t\t\t<div class=\"elementor-widget-container\">\n\t\t\t\t\t<div class=\"elementor-text-editor elementor-clearfix\"><p>Lorena Medina Machorro<\/p><p>Juan Pablo Medina Machorro<\/p><\/div>\n\t\t\t\t<\/div>\n\t\t\t\t<\/div>\n\t\t\t\t\t\t<\/div>\n\t\t\t<\/div>\n\t\t<\/div>\n\t\t\t\t<div class=\"elementor-element elementor-element-93ba6b4 elementor-column elementor-col-50 elementor-inner-column\" data-id=\"93ba6b4\" data-element_type=\"column\">\n\t\t\t<div class=\"elementor-column-wrap  elementor-element-populated\">\n\t\t\t\t\t<div class=\"elementor-widget-wrap\">\n\t\t\t\t<div class=\"elementor-element elementor-element-086becb elementor-widget elementor-widget-image\" data-id=\"086becb\" data-element_type=\"widget\" data-widget_type=\"image.default\">\n\t\t\t\t<div class=\"elementor-widget-container\">\n\t\t\t\t\t<div class=\"elementor-image\">\n\t\t\t\t\t\t\t\t\t\t<img width=\"640\" height=\"237\" src=\"http:\/\/www.mercalaboral.com.mx\/site\/wp-content\/uploads\/2021\/03\/Eslogan-merca1-1024x379.png\" class=\"attachment-large size-large\" alt=\"\" loading=\"lazy\" srcset=\"http:\/\/www.mercalaboral.com.mx\/site\/wp-content\/uploads\/2021\/03\/Eslogan-merca1-1024x379.png 1024w, http:\/\/www.mercalaboral.com.mx\/site\/wp-content\/uploads\/2021\/03\/Eslogan-merca1-300x111.png 300w, http:\/\/www.mercalaboral.com.mx\/site\/wp-content\/uploads\/2021\/03\/Eslogan-merca1-768x284.png 768w, http:\/\/www.mercalaboral.com.mx\/site\/wp-content\/uploads\/2021\/03\/Eslogan-merca1.png 1200w\" sizes=\"(max-width: 34.9rem) calc(100vw - 2rem), (max-width: 53rem) calc(8 * (100vw \/ 12)), (min-width: 53rem) calc(6 * (100vw \/ 12)), 100vw\" \/>\t\t\t\t\t\t\t\t\t\t\t<\/div>\n\t\t\t\t<\/div>\n\t\t\t\t<\/div>\n\t\t\t\t\t\t<\/div>\n\t\t\t<\/div>\n\t\t<\/div>\n\t\t\t\t\t\t<\/div>\n\t\t\t<\/div>\n\t\t<\/section>\n\t\t\t\t\t\t<\/div>\n\t\t\t<\/div>\n\t\t<\/div>\n\t\t\t\t\t\t<\/div>\n\t\t\t<\/div>\n\t\t<\/section>\n\t\t\t\t<section class=\"elementor-element elementor-element-7c204fc elementor-section-boxed elementor-section-height-default elementor-section-height-default elementor-section elementor-top-section\" data-id=\"7c204fc\" data-element_type=\"section\" data-settings=\"{&quot;background_background&quot;:&quot;classic&quot;}\">\n\t\t\t\t\t\t<div class=\"elementor-container elementor-column-gap-default\">\n\t\t\t\t<div class=\"elementor-row\">\n\t\t\t\t<div class=\"elementor-element elementor-element-9ad0c77 elementor-column elementor-col-100 elementor-top-column\" data-id=\"9ad0c77\" data-element_type=\"column\">\n\t\t\t<div class=\"elementor-column-wrap  elementor-element-populated\">\n\t\t\t\t\t<div class=\"elementor-widget-wrap\">\n\t\t\t\t<div class=\"elementor-element elementor-element-856ea8c elementor-widget elementor-widget-text-editor\" data-id=\"856ea8c\" data-element_type=\"widget\" data-widget_type=\"text-editor.default\">\n\t\t\t\t<div class=\"elementor-widget-container\">\n\t\t\t\t\t<div class=\"elementor-text-editor elementor-clearfix\"><p>Copyright 2021 \u00a9 Mercadotecnia Laboral. Algunos derechos reservados. P\u00e1gina dise\u00f1ada y desarrollada por <a href=\"http:\/\/brainersocial.mx\/\">Brainer Social<\/a>.<\/p><\/div>\n\t\t\t\t<\/div>\n\t\t\t\t<\/div>\n\t\t\t\t\t\t<\/div>\n\t\t\t<\/div>\n\t\t<\/div>\n\t\t\t\t\t\t<\/div>\n\t\t\t<\/div>\n\t\t<\/section>\n\t\t\t\t\t\t<\/div>\n\t\t\t<\/div>\n\t\t<\/div>\n\t\t","protected":false},"excerpt":{"rendered":"<p>Regresar a inicio Nuestra empresa surge de la necesidad de brindar a la industria de manufactura, herramientas espec\u00edficas que le permitan hacer frente a las nuevas condiciones laborales de atracci\u00f3n, competitividad y retenci\u00f3n de su personal. En esta \u00e9poca de diversidad generacional y la constante b\u00fasqueda del bienestar individual y de grupo, apoyamos a las [&hellip;]<\/p>\n","protected":false},"author":1,"featured_media":0,"parent":0,"menu_order":0,"comment_status":"closed","ping_status":"closed","template":"elementor_header_footer","meta":[],"_links":{"self":[{"href":"http:\/\/www.mercalaboral.com.mx\/site\/wp-json\/wp\/v2\/pages\/129"}],"collection":[{"href":"http:\/\/www.mercalaboral.com.mx\/site\/wp-json\/wp\/v2\/pages"}],"about":[{"href":"http:\/\/www.mercalaboral.com.mx\/site\/wp-json\/wp\/v2\/types\/page"}],"author":[{"embeddable":true,"href":"http:\/\/www.mercalaboral.com.mx\/site\/wp-json\/wp\/v2\/users\/1"}],"replies":[{"embeddable":true,"href":"http:\/\/www.mercalaboral.com.mx\/site\/wp-json\/wp\/v2\/comments?post=129"}],"version-history":[{"count":29,"href":"http:\/\/www.mercalaboral.com.mx\/site\/wp-json\/wp\/v2\/pages\/129\/revisions"}],"predecessor-version":[{"id":465,"href":"http:\/\/www.mercalaboral.com.mx\/site\/wp-json\/wp\/v2\/pages\/129\/revisions\/465"}],"wp:attachment":[{"href":"http:\/\/www.mercalaboral.com.mx\/site\/wp-json\/wp\/v2\/media?parent=129"}],"curies":[{"name":"wp","href":"https:\/\/api.w.org\/{rel}","templated":true}]}}