{"id":183,"date":"2019-08-27T16:48:18","date_gmt":"2019-08-27T16:48:18","guid":{"rendered":"http:\/\/www.mercalaboral.com.mx\/site\/?page_id=183"},"modified":"2020-07-14T18:51:50","modified_gmt":"2020-07-14T18:51:50","slug":"blog","status":"publish","type":"page","link":"http:\/\/www.mercalaboral.com.mx\/site\/blog\/","title":{"rendered":"blog"},"content":{"rendered":"\t\t<div data-elementor-type=\"post\" data-elementor-id=\"183\" class=\"elementor elementor-183\" data-elementor-settings=\"[]\">\n\t\t\t<div class=\"elementor-inner\">\n\t\t\t\t<div class=\"elementor-section-wrap\">\n\t\t\t\t\t\t\t<section class=\"elementor-element elementor-element-c83b128 elementor-section-height-min-height elementor-section-boxed elementor-section-height-default elementor-section-items-middle elementor-section elementor-top-section\" data-id=\"c83b128\" data-element_type=\"section\" data-settings=\"{&quot;background_background&quot;:&quot;classic&quot;,&quot;shape_divider_bottom&quot;:&quot;waves&quot;}\">\n\t\t\t\t\t<div class=\"elementor-shape elementor-shape-bottom\" data-negative=\"false\">\n\t\t\t<svg xmlns=\"http:\/\/www.w3.org\/2000\/svg\" viewBox=\"0 0 1000 100\" preserveAspectRatio=\"none\">\n\t<path class=\"elementor-shape-fill\" d=\"M421.9,6.5c22.6-2.5,51.5,0.4,75.5,5.3c23.6,4.9,70.9,23.5,100.5,35.7c75.8,32.2,133.7,44.5,192.6,49.7\n\tc23.6,2.1,48.7,3.5,103.4-2.5c54.7-6,106.2-25.6,106.2-25.6V0H0v30.3c0,0,72,32.6,158.4,30.5c39.2-0.7,92.8-6.7,134-22.4\n\tc21.2-8.1,52.2-18.2,79.7-24.2C399.3,7.9,411.6,7.5,421.9,6.5z\"\/>\n<\/svg>\t\t<\/div>\n\t\t\t\t\t<div class=\"elementor-container elementor-column-gap-default\">\n\t\t\t\t<div class=\"elementor-row\">\n\t\t\t\t<div class=\"elementor-element elementor-element-02cb731 elementor-column elementor-col-100 elementor-top-column\" data-id=\"02cb731\" data-element_type=\"column\">\n\t\t\t<div class=\"elementor-column-wrap  elementor-element-populated\">\n\t\t\t\t\t<div class=\"elementor-widget-wrap\">\n\t\t\t\t<div class=\"elementor-element elementor-element-7b21cd6 elementor-align-left elementor-mobile-align-center elementor-invisible elementor-widget elementor-widget-button\" data-id=\"7b21cd6\" data-element_type=\"widget\" data-settings=\"{&quot;_animation&quot;:&quot;zoomIn&quot;}\" data-widget_type=\"button.default\">\n\t\t\t\t<div class=\"elementor-widget-container\">\n\t\t\t\t\t<div class=\"elementor-button-wrapper\">\n\t\t\t<a href=\"https:\/\/www.mercalaboral.com.mx\/site\/\" class=\"elementor-button-link elementor-button elementor-size-xs\" role=\"button\">\n\t\t\t\t\t\t<span class=\"elementor-button-content-wrapper\">\n\t\t\t\t\t\t<span class=\"elementor-button-icon elementor-align-icon-left\">\n\t\t\t\t<i aria-hidden=\"true\" class=\"fas fa-arrow-circle-left\"><\/i>\t\t\t<\/span>\n\t\t\t\t\t\t<span class=\"elementor-button-text\">Regresar a inicio<\/span>\n\t\t<\/span>\n\t\t\t\t\t<\/a>\n\t\t<\/div>\n\t\t\t\t<\/div>\n\t\t\t\t<\/div>\n\t\t\t\t<div class=\"elementor-element elementor-element-5e38284 elementor-invisible elementor-widget elementor-widget-image\" data-id=\"5e38284\" data-element_type=\"widget\" data-settings=\"{&quot;_animation&quot;:&quot;fadeInUp&quot;}\" data-widget_type=\"image.default\">\n\t\t\t\t<div class=\"elementor-widget-container\">\n\t\t\t\t\t<div class=\"elementor-image\">\n\t\t\t\t\t\t\t\t\t\t<img width=\"506\" height=\"413\" src=\"http:\/\/www.mercalaboral.com.mx\/site\/wp-content\/uploads\/2019\/08\/title-blog.png\" class=\"attachment-large size-large\" alt=\"\" loading=\"lazy\" srcset=\"http:\/\/www.mercalaboral.com.mx\/site\/wp-content\/uploads\/2019\/08\/title-blog.png 506w, http:\/\/www.mercalaboral.com.mx\/site\/wp-content\/uploads\/2019\/08\/title-blog-300x245.png 300w\" sizes=\"(max-width: 34.9rem) calc(100vw - 2rem), (max-width: 53rem) calc(8 * (100vw \/ 12)), (min-width: 53rem) calc(6 * (100vw \/ 12)), 100vw\" \/>\t\t\t\t\t\t\t\t\t\t\t<\/div>\n\t\t\t\t<\/div>\n\t\t\t\t<\/div>\n\t\t\t\t\t\t<\/div>\n\t\t\t<\/div>\n\t\t<\/div>\n\t\t\t\t\t\t<\/div>\n\t\t\t<\/div>\n\t\t<\/section>\n\t\t\t\t<section class=\"elementor-element elementor-element-26a3073 elementor-section-height-min-height elementor-section-boxed elementor-section-height-default elementor-section-items-middle elementor-section elementor-top-section\" data-id=\"26a3073\" data-element_type=\"section\">\n\t\t\t\t\t\t<div class=\"elementor-container elementor-column-gap-default\">\n\t\t\t\t<div class=\"elementor-row\">\n\t\t\t\t<div class=\"elementor-element elementor-element-0aabcb9 elementor-column elementor-col-100 elementor-top-column\" data-id=\"0aabcb9\" data-element_type=\"column\">\n\t\t\t<div class=\"elementor-column-wrap  elementor-element-populated\">\n\t\t\t\t\t<div class=\"elementor-widget-wrap\">\n\t\t\t\t<div class=\"elementor-element elementor-element-353de50 elementor-widget elementor-widget-toggle\" data-id=\"353de50\" data-element_type=\"widget\" data-widget_type=\"toggle.default\">\n\t\t\t\t<div class=\"elementor-widget-container\">\n\t\t\t\t\t<div class=\"elementor-toggle\" role=\"tablist\">\n\t\t\t\t\t\t\t<div class=\"elementor-toggle-item\">\n\t\t\t\t\t<div id=\"elementor-tab-title-5581\" class=\"elementor-tab-title\" data-tab=\"1\" role=\"tab\" aria-controls=\"elementor-tab-content-5581\">\n\t\t\t\t\t\t\t\t\t\t\t\t<span class=\"elementor-toggle-icon elementor-toggle-icon-left\" aria-hidden=\"true\">\n\t\t\t\t\t\t\t\t\t\t\t\t\t\t\t<span class=\"elementor-toggle-icon-closed\"><i class=\"fas fa-caret-right\"><\/i><\/span>\n\t\t\t\t\t\t\t\t<span class=\"elementor-toggle-icon-opened\"><i class=\"elementor-toggle-icon-opened fas fa-caret-up\"><\/i><\/span>\n\t\t\t\t\t\t\t\t\t\t\t\t\t<\/span>\n\t\t\t\t\t\t\t\t\t\t\t\t<a href=\"\">Mano de Obra Directa en la Industria en Quer\u00e9taro y su Problema de Retenci\u00f3n.<\/a>\n\t\t\t\t\t<\/div>\n\t\t\t\t\t<div id=\"elementor-tab-content-5581\" class=\"elementor-tab-content elementor-clearfix\" data-tab=\"1\" role=\"tabpanel\" aria-labelledby=\"elementor-tab-title-5581\"><p>Seg\u00fan INEGI en una publicaci\u00f3n en el \u00faltimo trimestre del 2017 dijo que Quer\u00e9taro se encuentra en el 5to. lugar de crecimiento industrial y 3er. lugar de crecimiento industrial a nivel Baj\u00edo.<\/p><p>KPMG Consultores public\u00f3 a finales del 2016 que el estado de Quer\u00e9taro era el 1er. estado de preferencia para expandir operaciones dentro de la Rep\u00fablica Mexicana sigui\u00e9ndole Guanajuato, Jalisco y Nuevo Le\u00f3n.<\/p><p><img loading=\"lazy\" class=\"alignnone size-full wp-image-203\" src=\"http:\/\/www.mercalaboral.com.mx\/site\/wp-content\/uploads\/2019\/08\/b1.jpg\" alt=\"\" width=\"573\" height=\"402\" srcset=\"http:\/\/www.mercalaboral.com.mx\/site\/wp-content\/uploads\/2019\/08\/b1.jpg 573w, http:\/\/www.mercalaboral.com.mx\/site\/wp-content\/uploads\/2019\/08\/b1-300x210.jpg 300w\" sizes=\"(max-width: 573px) 100vw, 573px\" \/><\/p><p>Seg\u00fan la SEDESU, actualmente en Quer\u00e9taro hay 40 Parques Industriales Formales de las cuales se encuentran 200 empresas automotrices T2 y 94 empresas T1. Se encuentran en cartera m\u00e1s de 54 nuevos proyectos con m\u00e1s de 10,000 nuevos empleos y se crear\u00e1 un nuevo parque de alta tecnolog\u00eda con 100 hect\u00e1reas en la zona del Aeropuerto.<\/p><p>Con esta informaci\u00f3n y el exceso de oferta de trabajo a nivel industrial; se ha creado la necesidad de buscar herramientas efectivas que nos ayuden a crear nuevas estrategias de retenci\u00f3n.<\/p><p>A finales del 2017 se entreg\u00f3 informaci\u00f3n actual y proyectiva para el 2018 a m\u00e1s de 85 empresas participantes en donde se obtuvo una muestra de 39,235 trabajadores sindicalizados; los cuales el 100% de la muestra es industria manufacturera, de producci\u00f3n y\/o ensamble para los sectores automotriz, aeron\u00e1utico, electrodom\u00e9sticos, entre otros.<\/p><p>Algunos datos que arrojo este estudio fueron:<\/p><p><img loading=\"lazy\" class=\"alignnone size-full wp-image-204\" src=\"http:\/\/www.mercalaboral.com.mx\/site\/wp-content\/uploads\/2019\/08\/b2.jpg\" alt=\"\" width=\"515\" height=\"308\" srcset=\"http:\/\/www.mercalaboral.com.mx\/site\/wp-content\/uploads\/2019\/08\/b2.jpg 515w, http:\/\/www.mercalaboral.com.mx\/site\/wp-content\/uploads\/2019\/08\/b2-300x179.jpg 300w\" sizes=\"(max-width: 515px) 100vw, 515px\" \/><\/p><p>El 100% de las empresas que contratan personal de secundaria solicitan que sea Secundaria terminada con certificado, esto nos lleva a cuestionar lo siguiente:<\/p><ul><li>\u00bfQu\u00e9 fue lo que llev\u00f3 a las empresas a tomar la decisi\u00f3n de contratar solo personal con secundaria terminada?<\/li><li>Si el requisito de edad en las empresas va de 18 a 50 a\u00f1os de edad, se ha considerado pensar \u00bfCu\u00e1nto tiempo ha pasado que termino la secundaria? \u00bfPor qu\u00e9 es necesaria que haya terminado el grado escolar?<\/li><li>\u00bfLas empresas realizan un an\u00e1lisis profundo de sus procesos productivos para llegar a esta conclusi\u00f3n?<\/li><li>\u00bfpodr\u00eda haber la posibilidad que en ciertos procesos no sea necesario el grado de secundaria terminada?<\/li><\/ul><p>Estos cuestionamientos van en funci\u00f3n de que cada ves m\u00e1s escuchamos la frase \u201cya no hay gente\u201d y tambi\u00e9n observamos que cada ves m\u00e1s las empresas fortalecen sus capacitaciones internas, entonces, \u00bfpudi\u00e9ramos abarcar otros sectores de poblaci\u00f3n que estamos dejando a un lado?<\/p><p>Otro indicador importante y de gran preocupaci\u00f3n en las organizaciones es la Rotaci\u00f3n del personal Operativo y MOD.<\/p><p>Seg\u00fan el estudio realizado en donde solamente se consider\u00f3 las Bajas por abandono o renuncia, las cuales son las que se consideran con mayor afectaci\u00f3n en la productividad ya que son sorpresivas y no da tiempo de planear su sustituci\u00f3n a diferencia de las que son por decisi\u00f3n de la empresa debido a actitud, baja de producci\u00f3n o por acumulaci\u00f3n de faltas.<\/p><p>Tomando en cuenta el crecimiento acelerado laboral en Quer\u00e9taro, el exceso de oferta de trabajo en los parques industriales, la desinformaci\u00f3n del mercado laboral en las empresas, la falta de creatividad de las organizaciones para la creaci\u00f3n de estrategias diferentes, el darnos cuenta que es tiempo de ver por las personas al igual que a los resultados productivos y la forma de ser de las nuevas generaciones es importante crear consciencia de que es prioridad movernos de forma diferente y no seguir teniendo las mismas practicas de retenci\u00f3n del pasado. Dichas pr\u00e1cticas en su momento fueron muy efectivas y dieron resultados, pero el entorno ha cambiado y nos exige a los que nos dedicamos al \u00e1rea de recursos humanos a ser m\u00e1s creativos y prepararnos diferente.<\/p><\/div>\n\t\t\t\t<\/div>\n\t\t\t\t\t\t\t<div class=\"elementor-toggle-item\">\n\t\t\t\t\t<div id=\"elementor-tab-title-5582\" class=\"elementor-tab-title\" data-tab=\"2\" role=\"tab\" aria-controls=\"elementor-tab-content-5582\">\n\t\t\t\t\t\t\t\t\t\t\t\t<span class=\"elementor-toggle-icon elementor-toggle-icon-left\" aria-hidden=\"true\">\n\t\t\t\t\t\t\t\t\t\t\t\t\t\t\t<span class=\"elementor-toggle-icon-closed\"><i class=\"fas fa-caret-right\"><\/i><\/span>\n\t\t\t\t\t\t\t\t<span class=\"elementor-toggle-icon-opened\"><i class=\"elementor-toggle-icon-opened fas fa-caret-up\"><\/i><\/span>\n\t\t\t\t\t\t\t\t\t\t\t\t\t<\/span>\n\t\t\t\t\t\t\t\t\t\t\t\t<a href=\"\">Taller Sensibilizaci\u00f3n a la Rotaci\u00f3n<\/a>\n\t\t\t\t\t<\/div>\n\t\t\t\t\t<div id=\"elementor-tab-content-5582\" class=\"elementor-tab-content elementor-clearfix\" data-tab=\"2\" role=\"tabpanel\" aria-labelledby=\"elementor-tab-title-5582\"><p><em>Hoy en d\u00eda el tema <strong>Rotaci\u00f3n<\/strong> es de gran importancia e impacto en la industria, en donde ya los empleados no solo se sienten inconformes por un salario bajo, sino por m\u00e1s situaciones que pasan a su alrededor.<\/em><\/p><p>Las estrategias de innovaci\u00f3n, calidad, eficiencia y crecimiento se logran solamente cuando se cuenta con los colaboradores completos y adecuados. Al contratar un proveedor de reclutamiento e incrementar el salario y prestaciones son acciones de efecto temporal y alto costo, posiblemente las causas ra\u00edz se originan en otras \u00e1reas de tu empresa. <em>\u00bfHas pensado en d\u00f3nde podr\u00eda encontrarse \u00e9sta problem\u00e1tica?<\/em><\/p><p><img loading=\"lazy\" class=\"wp-image-212 alignleft\" src=\"http:\/\/www.mercalaboral.com.mx\/site\/wp-content\/uploads\/2019\/09\/iStock-641422198-e1510945791637.jpg\" alt=\"\" width=\"238\" height=\"169\" srcset=\"http:\/\/www.mercalaboral.com.mx\/site\/wp-content\/uploads\/2019\/09\/iStock-641422198-e1510945791637.jpg 645w, http:\/\/www.mercalaboral.com.mx\/site\/wp-content\/uploads\/2019\/09\/iStock-641422198-e1510945791637-300x213.jpg 300w\" sizes=\"(max-width: 238px) 100vw, 238px\" \/><\/p><p>Es por ello que en <strong>Mercadotecnia Laboral<\/strong> hemos creado un taller de sensibilizaci\u00f3n a estos temas de gran trascendencia. Este taller de entendimiento te proporciona las bases y las reglas para buscar correctamente en las \u00e1reas donde se est\u00e1 originando la Rotaci\u00f3n. Lograr\u00e1s descubrir metodolog\u00edas para identificar las causas ra\u00edz y crear un plan de acci\u00f3n para combatirlas.<\/p><p>Hoy en d\u00eda, la Rotaci\u00f3n es responsabilidad de TODOS en la organizaci\u00f3n, y en nuestro taller te explicaremos por qu\u00e9, por ellos los Jefes, Directores, Supervisores y Gerentes de todos los departamentos de las empresas pueden asistir.<\/p><\/div>\n\t\t\t\t<\/div>\n\t\t\t\t\t<\/div>\n\t\t\t\t<\/div>\n\t\t\t\t<\/div>\n\t\t\t\t\t\t<\/div>\n\t\t\t<\/div>\n\t\t<\/div>\n\t\t\t\t\t\t<\/div>\n\t\t\t<\/div>\n\t\t<\/section>\n\t\t\t\t<section class=\"elementor-element elementor-element-e05ef17 elementor-section-boxed elementor-section-height-default elementor-section-height-default elementor-section elementor-top-section\" data-id=\"e05ef17\" data-element_type=\"section\" data-settings=\"{&quot;background_background&quot;:&quot;classic&quot;}\">\n\t\t\t\t\t\t<div class=\"elementor-container elementor-column-gap-default\">\n\t\t\t\t<div class=\"elementor-row\">\n\t\t\t\t<div class=\"elementor-element elementor-element-41f27b2 elementor-column elementor-col-100 elementor-top-column\" data-id=\"41f27b2\" data-element_type=\"column\">\n\t\t\t<div class=\"elementor-column-wrap  elementor-element-populated\">\n\t\t\t\t\t<div class=\"elementor-widget-wrap\">\n\t\t\t\t<div class=\"elementor-element elementor-element-5bf093f elementor-widget elementor-widget-text-editor\" data-id=\"5bf093f\" data-element_type=\"widget\" data-widget_type=\"text-editor.default\">\n\t\t\t\t<div class=\"elementor-widget-container\">\n\t\t\t\t\t<div class=\"elementor-text-editor elementor-clearfix\"><p>Copyright 2020 \u00a9 Mercadotecnia Laboral. Algunos derechos reservados. P\u00e1gina dise\u00f1ada y desarrollada por <a href=\"http:\/\/brainersocial.mx\/\">Brainer Social<\/a>.<\/p><\/div>\n\t\t\t\t<\/div>\n\t\t\t\t<\/div>\n\t\t\t\t\t\t<\/div>\n\t\t\t<\/div>\n\t\t<\/div>\n\t\t\t\t\t\t<\/div>\n\t\t\t<\/div>\n\t\t<\/section>\n\t\t\t\t\t\t<\/div>\n\t\t\t<\/div>\n\t\t<\/div>\n\t\t","protected":false},"excerpt":{"rendered":"<p>Regresar a inicio Mano de Obra Directa en la Industria en Quer\u00e9taro y su Problema de Retenci\u00f3n. Seg\u00fan INEGI en una publicaci\u00f3n en el \u00faltimo trimestre del 2017 dijo que Quer\u00e9taro se encuentra en el 5to. lugar de crecimiento industrial y 3er. lugar de crecimiento industrial a nivel Baj\u00edo. KPMG Consultores public\u00f3 a finales del [&hellip;]<\/p>\n","protected":false},"author":1,"featured_media":0,"parent":0,"menu_order":0,"comment_status":"closed","ping_status":"closed","template":"elementor_header_footer","meta":[],"_links":{"self":[{"href":"http:\/\/www.mercalaboral.com.mx\/site\/wp-json\/wp\/v2\/pages\/183"}],"collection":[{"href":"http:\/\/www.mercalaboral.com.mx\/site\/wp-json\/wp\/v2\/pages"}],"about":[{"href":"http:\/\/www.mercalaboral.com.mx\/site\/wp-json\/wp\/v2\/types\/page"}],"author":[{"embeddable":true,"href":"http:\/\/www.mercalaboral.com.mx\/site\/wp-json\/wp\/v2\/users\/1"}],"replies":[{"embeddable":true,"href":"http:\/\/www.mercalaboral.com.mx\/site\/wp-json\/wp\/v2\/comments?post=183"}],"version-history":[{"count":10,"href":"http:\/\/www.mercalaboral.com.mx\/site\/wp-json\/wp\/v2\/pages\/183\/revisions"}],"predecessor-version":[{"id":227,"href":"http:\/\/www.mercalaboral.com.mx\/site\/wp-json\/wp\/v2\/pages\/183\/revisions\/227"}],"wp:attachment":[{"href":"http:\/\/www.mercalaboral.com.mx\/site\/wp-json\/wp\/v2\/media?parent=183"}],"curies":[{"name":"wp","href":"https:\/\/api.w.org\/{rel}","templated":true}]}}